{"id":150,"date":"2021-06-14T12:16:55","date_gmt":"2021-06-14T15:16:55","guid":{"rendered":"https:\/\/beaaraujo.com\/?page_id=150"},"modified":"2022-06-07T06:02:54","modified_gmt":"2022-06-07T09:02:54","slug":"servicos-avulsos","status":"publish","type":"page","link":"https:\/\/beaaraujo.com\/en\/servicos-avulsos\/","title":{"rendered":"Others Services"},"content":{"rendered":"<div data-elementor-type=\"wp-page\" data-elementor-id=\"150\" class=\"elementor elementor-150\" data-elementor-post-type=\"page\">\n\t\t\t\t\t\t<section class=\"elementor-section elementor-top-section elementor-element elementor-element-b2c6b14 elementor-section-boxed elementor-section-height-default elementor-section-height-default\" data-id=\"b2c6b14\" data-element_type=\"section\">\n\t\t\t\t\t\t<div class=\"elementor-container elementor-column-gap-wider\">\n\t\t\t\t\t<div class=\"elementor-column elementor-col-33 elementor-top-column elementor-element elementor-element-6aea724\" data-id=\"6aea724\" data-element_type=\"column\">\n\t\t\t<div class=\"elementor-widget-wrap elementor-element-populated\">\n\t\t\t\t\t\t<div class=\"elementor-element elementor-element-b3070d1 elementor-widget elementor-widget-image\" data-id=\"b3070d1\" data-element_type=\"widget\" data-widget_type=\"image.default\">\n\t\t\t\t<div class=\"elementor-widget-container\">\n\t\t\t<style>\/*! elementor - v3.19.0 - 07-02-2024 *\/\n.elementor-widget-image{text-align:center}.elementor-widget-image a{display:inline-block}.elementor-widget-image a img[src$=\".svg\"]{width:48px}.elementor-widget-image img{vertical-align:middle;display:inline-block}<\/style>\t\t\t\t\t\t\t\t\t\t<img fetchpriority=\"high\" decoding=\"async\" width=\"800\" height=\"800\" src=\"https:\/\/beaaraujo.com\/wp-content\/uploads\/2022\/03\/202111-BeaAraujoporAlineMacedo-54-1024x1024.jpg\" class=\"attachment-large size-large wp-image-521\" alt=\"\" srcset=\"https:\/\/beaaraujo.com\/wp-content\/uploads\/2022\/03\/202111-BeaAraujoporAlineMacedo-54-1024x1024.jpg 1024w, https:\/\/beaaraujo.com\/wp-content\/uploads\/2022\/03\/202111-BeaAraujoporAlineMacedo-54-300x300.jpg 300w, https:\/\/beaaraujo.com\/wp-content\/uploads\/2022\/03\/202111-BeaAraujoporAlineMacedo-54-150x150.jpg 150w, https:\/\/beaaraujo.com\/wp-content\/uploads\/2022\/03\/202111-BeaAraujoporAlineMacedo-54-768x768.jpg 768w, https:\/\/beaaraujo.com\/wp-content\/uploads\/2022\/03\/202111-BeaAraujoporAlineMacedo-54-1536x1536.jpg 1536w, https:\/\/beaaraujo.com\/wp-content\/uploads\/2022\/03\/202111-BeaAraujoporAlineMacedo-54.jpg 2000w\" sizes=\"(max-width: 800px) 100vw, 800px\" \/>\t\t\t\t\t\t\t\t\t\t\t\t\t<\/div>\n\t\t\t\t<\/div>\n\t\t\t\t<div class=\"elementor-element elementor-element-64e3325 elementor-widget elementor-widget-heading\" data-id=\"64e3325\" data-element_type=\"widget\" data-widget_type=\"heading.default\">\n\t\t\t\t<div class=\"elementor-widget-container\">\n\t\t\t<style>\/*! elementor - v3.19.0 - 07-02-2024 *\/\n.elementor-heading-title{padding:0;margin:0;line-height:1}.elementor-widget-heading .elementor-heading-title[class*=elementor-size-]>a{color:inherit;font-size:inherit;line-height:inherit}.elementor-widget-heading .elementor-heading-title.elementor-size-small{font-size:15px}.elementor-widget-heading .elementor-heading-title.elementor-size-medium{font-size:19px}.elementor-widget-heading .elementor-heading-title.elementor-size-large{font-size:29px}.elementor-widget-heading .elementor-heading-title.elementor-size-xl{font-size:39px}.elementor-widget-heading .elementor-heading-title.elementor-size-xxl{font-size:59px}<\/style><h2 class=\"elementor-heading-title elementor-size-default\">Style Guide<\/h2>\t\t<\/div>\n\t\t\t\t<\/div>\n\t\t\t\t<div class=\"elementor-element elementor-element-bf247d0 elementor-widget elementor-widget-text-editor\" data-id=\"bf247d0\" data-element_type=\"widget\" data-widget_type=\"text-editor.default\">\n\t\t\t\t<div class=\"elementor-widget-container\">\n\t\t\t<style>\/*! elementor - v3.19.0 - 07-02-2024 *\/\n.elementor-widget-text-editor.elementor-drop-cap-view-stacked .elementor-drop-cap{background-color:#69727d;color:#fff}.elementor-widget-text-editor.elementor-drop-cap-view-framed .elementor-drop-cap{color:#69727d;border:3px solid;background-color:transparent}.elementor-widget-text-editor:not(.elementor-drop-cap-view-default) .elementor-drop-cap{margin-top:8px}.elementor-widget-text-editor:not(.elementor-drop-cap-view-default) .elementor-drop-cap-letter{width:1em;height:1em}.elementor-widget-text-editor .elementor-drop-cap{float:left;text-align:center;line-height:1;font-size:50px}.elementor-widget-text-editor .elementor-drop-cap-letter{display:inline-block}<\/style>\t\t\t\t<p><span style=\"color: var( --e-global-color-text ); font-family: var( --e-global-typography-text-font-family ), Sans-serif; font-size: 1rem;\">Feeling a little \u201clost in character\u201d? Don't like what you wear\/have, but also can't quite decide what you want out of life\/style? Here we use the investigative part of the personal style process to define your image desires, your everyday needs, and then come up with a Guide to be able to translate into clothes everything you would like to communicate to the world. And you get it all in one file to refer back to whenever you're feeling a bit lost.<\/span><\/p><p><span style=\"color: var( --e-global-color-text ); font-family: var( --e-global-typography-text-font-family ), Sans-serif; font-size: 1rem;\">-Online Service-<\/span><\/p>\t\t\t\t\t\t<\/div>\n\t\t\t\t<\/div>\n\t\t\t\t\t<\/div>\n\t\t<\/div>\n\t\t\t\t<div class=\"elementor-column elementor-col-33 elementor-top-column elementor-element elementor-element-d4fb1f6\" data-id=\"d4fb1f6\" data-element_type=\"column\">\n\t\t\t<div class=\"elementor-widget-wrap elementor-element-populated\">\n\t\t\t\t\t\t<div class=\"elementor-element elementor-element-a3f4595 elementor-widget elementor-widget-image\" data-id=\"a3f4595\" data-element_type=\"widget\" data-widget_type=\"image.default\">\n\t\t\t\t<div class=\"elementor-widget-container\">\n\t\t\t\t\t\t\t\t\t\t\t\t\t<img decoding=\"async\" width=\"683\" height=\"1024\" src=\"https:\/\/beaaraujo.com\/wp-content\/uploads\/2021\/06\/Foto-76-resized-683x1024.jpg\" class=\"attachment-large size-large wp-image-118\" alt=\"\" srcset=\"https:\/\/beaaraujo.com\/wp-content\/uploads\/2021\/06\/Foto-76-resized-683x1024.jpg 683w, https:\/\/beaaraujo.com\/wp-content\/uploads\/2021\/06\/Foto-76-resized-200x300.jpg 200w, https:\/\/beaaraujo.com\/wp-content\/uploads\/2021\/06\/Foto-76-resized-768x1152.jpg 768w, https:\/\/beaaraujo.com\/wp-content\/uploads\/2021\/06\/Foto-76-resized-1024x1536.jpg 1024w, https:\/\/beaaraujo.com\/wp-content\/uploads\/2021\/06\/Foto-76-resized.jpg 1280w\" sizes=\"(max-width: 683px) 100vw, 683px\" \/>\t\t\t\t\t\t\t\t\t\t\t\t\t<\/div>\n\t\t\t\t<\/div>\n\t\t\t\t<div class=\"elementor-element elementor-element-298502b elementor-widget elementor-widget-heading\" data-id=\"298502b\" data-element_type=\"widget\" data-widget_type=\"heading.default\">\n\t\t\t\t<div class=\"elementor-widget-container\">\n\t\t\t<h2 class=\"elementor-heading-title elementor-size-default\">Color Guide<\/h2>\t\t<\/div>\n\t\t\t\t<\/div>\n\t\t\t\t<div class=\"elementor-element elementor-element-6061b1d elementor-widget elementor-widget-text-editor\" data-id=\"6061b1d\" data-element_type=\"widget\" data-widget_type=\"text-editor.default\">\n\t\t\t\t<div class=\"elementor-widget-container\">\n\t\t\t\t\t\t\t<p><span style=\"font-weight: 400;\">More than knowing which colors suit you, you need a little help on how to make them work for you? With this service, we combine the color analysis, which is already an incredible tool, with a Guide that aims to help you match your palette with your style and the clothes you already have in your closet. Always looking for having your color palette as an ally in your communication, and that you can explore it in the best possible way.<\/span><\/p><p><span style=\"font-weight: 400;\">-In Person-<\/span><\/p><p>\u00a0<\/p>\t\t\t\t\t\t<\/div>\n\t\t\t\t<\/div>\n\t\t\t\t\t<\/div>\n\t\t<\/div>\n\t\t\t\t<div class=\"elementor-column elementor-col-33 elementor-top-column elementor-element elementor-element-844cf61\" data-id=\"844cf61\" data-element_type=\"column\">\n\t\t\t<div class=\"elementor-widget-wrap elementor-element-populated\">\n\t\t\t\t\t\t<div class=\"elementor-element elementor-element-38689aa elementor-widget elementor-widget-image\" data-id=\"38689aa\" data-element_type=\"widget\" data-widget_type=\"image.default\">\n\t\t\t\t<div class=\"elementor-widget-container\">\n\t\t\t\t\t\t\t\t\t\t\t\t\t<img decoding=\"async\" width=\"800\" height=\"534\" src=\"https:\/\/beaaraujo.com\/wp-content\/uploads\/2022\/03\/202111-BeaAraujoporAlineMacedo-4-1024x684.jpg\" class=\"attachment-large size-large wp-image-366\" alt=\"\" srcset=\"https:\/\/beaaraujo.com\/wp-content\/uploads\/2022\/03\/202111-BeaAraujoporAlineMacedo-4-1024x684.jpg 1024w, https:\/\/beaaraujo.com\/wp-content\/uploads\/2022\/03\/202111-BeaAraujoporAlineMacedo-4-300x200.jpg 300w, https:\/\/beaaraujo.com\/wp-content\/uploads\/2022\/03\/202111-BeaAraujoporAlineMacedo-4-768x513.jpg 768w, https:\/\/beaaraujo.com\/wp-content\/uploads\/2022\/03\/202111-BeaAraujoporAlineMacedo-4-1536x1026.jpg 1536w, https:\/\/beaaraujo.com\/wp-content\/uploads\/2022\/03\/202111-BeaAraujoporAlineMacedo-4-2048x1367.jpg 2048w\" sizes=\"(max-width: 800px) 100vw, 800px\" \/>\t\t\t\t\t\t\t\t\t\t\t\t\t<\/div>\n\t\t\t\t<\/div>\n\t\t\t\t<div class=\"elementor-element elementor-element-2949a7e elementor-widget elementor-widget-heading\" data-id=\"2949a7e\" data-element_type=\"widget\" data-widget_type=\"heading.default\">\n\t\t\t\t<div class=\"elementor-widget-container\">\n\t\t\t<h2 class=\"elementor-heading-title elementor-size-default\">Closet Friends<\/h2>\t\t<\/div>\n\t\t\t\t<\/div>\n\t\t\t\t<div class=\"elementor-element elementor-element-78bee5c elementor-widget elementor-widget-text-editor\" data-id=\"78bee5c\" data-element_type=\"widget\" data-widget_type=\"text-editor.default\">\n\t\t\t\t<div class=\"elementor-widget-container\">\n\t\t\t\t\t\t\t<p><span style=\"font-weight: 400;\">This service aims to strengthen your relationship with your closet. So in the first step we will understand what you want and need, and then we will define your goals through a mini style guide. Then we move on to the practical part, where you can choose to edit your wardrobe (it works well for those who have a lot of accumulated stuff), or bet on assembling looks to put the things you already have to better use.<\/span><\/p><p><span style=\"color: var( --e-global-color-text ); font-family: var( --e-global-typography-text-font-family ), Sans-serif; font-size: 1rem;\">-Online and In Person-<\/span><\/p>\t\t\t\t\t\t<\/div>\n\t\t\t\t<\/div>\n\t\t\t\t\t<\/div>\n\t\t<\/div>\n\t\t\t\t\t<\/div>\n\t\t<\/section>\n\t\t\t\t<section class=\"elementor-section elementor-top-section elementor-element elementor-element-1cc7fcc elementor-section-boxed elementor-section-height-default elementor-section-height-default\" data-id=\"1cc7fcc\" data-element_type=\"section\">\n\t\t\t\t\t\t<div class=\"elementor-container elementor-column-gap-wider\">\n\t\t\t\t\t<div class=\"elementor-column elementor-col-33 elementor-top-column elementor-element elementor-element-82d5704\" data-id=\"82d5704\" data-element_type=\"column\">\n\t\t\t<div class=\"elementor-widget-wrap elementor-element-populated\">\n\t\t\t\t\t\t<div class=\"elementor-element elementor-element-65c3170 elementor-widget elementor-widget-image\" data-id=\"65c3170\" data-element_type=\"widget\" data-widget_type=\"image.default\">\n\t\t\t\t<div class=\"elementor-widget-container\">\n\t\t\t\t\t\t\t\t\t\t\t\t\t<img loading=\"lazy\" decoding=\"async\" width=\"800\" height=\"800\" src=\"https:\/\/beaaraujo.com\/wp-content\/uploads\/2021\/06\/Foto-119-cropped-scaled-1.jpg\" class=\"attachment-large size-large wp-image-163\" alt=\"\" srcset=\"https:\/\/beaaraujo.com\/wp-content\/uploads\/2021\/06\/Foto-119-cropped-scaled-1.jpg 1000w, https:\/\/beaaraujo.com\/wp-content\/uploads\/2021\/06\/Foto-119-cropped-scaled-1-300x300.jpg 300w, https:\/\/beaaraujo.com\/wp-content\/uploads\/2021\/06\/Foto-119-cropped-scaled-1-150x150.jpg 150w, https:\/\/beaaraujo.com\/wp-content\/uploads\/2021\/06\/Foto-119-cropped-scaled-1-768x768.jpg 768w\" sizes=\"(max-width: 800px) 100vw, 800px\" \/>\t\t\t\t\t\t\t\t\t\t\t\t\t<\/div>\n\t\t\t\t<\/div>\n\t\t\t\t<div class=\"elementor-element elementor-element-b54a54a elementor-widget elementor-widget-heading\" data-id=\"b54a54a\" data-element_type=\"widget\" data-widget_type=\"heading.default\">\n\t\t\t\t<div class=\"elementor-widget-container\">\n\t\t\t<h2 class=\"elementor-heading-title elementor-size-default\">Styling<\/h2>\t\t<\/div>\n\t\t\t\t<\/div>\n\t\t\t\t<div class=\"elementor-element elementor-element-fd1ae25 elementor-widget elementor-widget-text-editor\" data-id=\"fd1ae25\" data-element_type=\"widget\" data-widget_type=\"text-editor.default\">\n\t\t\t\t<div class=\"elementor-widget-container\">\n\t\t\t\t\t\t\t<p>You know when you have that special occasion and you don't really know what to wear? In this service I will help you build up an outfit based on the image you want to convey, setting up a strategy through colors, shapes and accessories, and doing everything to make you feel absolutely fabulous whatever the occasion is! We can start from what you already have in your closet or look for new pieces that make more sense, the decision is always yours!\u00a0<span style=\"color: var( --e-global-color-text ); font-family: var( --e-global-typography-text-font-family ), Sans-serif; font-weight: var( --e-global-typography-text-font-weight ); font-size: 1rem;\">A gente pode partir do que voc\u00ea j\u00e1 tem no arm\u00e1rio ou buscar novas pe\u00e7as que fa\u00e7am mais sentido, a decis\u00e3o \u00e9 sempre sua!<\/span><\/p><p><span style=\"color: var( --e-global-color-text ); font-family: var( --e-global-typography-text-font-family ), Sans-serif; font-weight: var( --e-global-typography-text-font-weight ); font-size: 1rem;\">-Online and In Person-<\/span><\/p>\t\t\t\t\t\t<\/div>\n\t\t\t\t<\/div>\n\t\t\t\t\t<\/div>\n\t\t<\/div>\n\t\t\t\t<div class=\"elementor-column elementor-col-33 elementor-top-column elementor-element elementor-element-fb307d6\" data-id=\"fb307d6\" data-element_type=\"column\">\n\t\t\t<div class=\"elementor-widget-wrap elementor-element-populated\">\n\t\t\t\t\t\t<div class=\"elementor-element elementor-element-1e64303 elementor-widget elementor-widget-image\" data-id=\"1e64303\" data-element_type=\"widget\" data-widget_type=\"image.default\">\n\t\t\t\t<div class=\"elementor-widget-container\">\n\t\t\t\t\t\t\t\t\t\t\t\t\t<img loading=\"lazy\" decoding=\"async\" width=\"600\" height=\"600\" src=\"https:\/\/beaaraujo.com\/wp-content\/uploads\/2021\/05\/Foto-115.jpg\" class=\"attachment-large size-large wp-image-50\" alt=\"\" srcset=\"https:\/\/beaaraujo.com\/wp-content\/uploads\/2021\/05\/Foto-115.jpg 600w, https:\/\/beaaraujo.com\/wp-content\/uploads\/2021\/05\/Foto-115-300x300.jpg 300w, https:\/\/beaaraujo.com\/wp-content\/uploads\/2021\/05\/Foto-115-150x150.jpg 150w\" sizes=\"(max-width: 600px) 100vw, 600px\" \/>\t\t\t\t\t\t\t\t\t\t\t\t\t<\/div>\n\t\t\t\t<\/div>\n\t\t\t\t<div class=\"elementor-element elementor-element-b4aa04a elementor-widget elementor-widget-heading\" data-id=\"b4aa04a\" data-element_type=\"widget\" data-widget_type=\"heading.default\">\n\t\t\t\t<div class=\"elementor-widget-container\">\n\t\t\t<h2 class=\"elementor-heading-title elementor-size-default\">Destination Closet<\/h2>\t\t<\/div>\n\t\t\t\t<\/div>\n\t\t\t\t<div class=\"elementor-element elementor-element-9c4bc06 elementor-widget elementor-widget-text-editor\" data-id=\"9c4bc06\" data-element_type=\"widget\" data-widget_type=\"text-editor.default\">\n\t\t\t\t<div class=\"elementor-widget-container\">\n\t\t\t\t\t\t\t<p><span style=\"font-weight: 400;\">Are you planning on moving to another country, or going on a super long trip, like an exchange for example, and you are having trouble packing your suitcases? Well, deciding what goes and what stays is really a very boring part of this process. After all, we develop attachment to our closet, we have a lot of time, money and even some dreams that live there. This service consists of editing your wardrobe taking into account life, weather, and the needs that await for you at your destination.<\/span><\/p><p><span style=\"font-weight: 400;\">-Online and In Person-<\/span><\/p><p>\u00a0<\/p>\t\t\t\t\t\t<\/div>\n\t\t\t\t<\/div>\n\t\t\t\t\t<\/div>\n\t\t<\/div>\n\t\t\t\t<div class=\"elementor-column elementor-col-33 elementor-top-column elementor-element elementor-element-efa8b37\" data-id=\"efa8b37\" data-element_type=\"column\">\n\t\t\t<div class=\"elementor-widget-wrap elementor-element-populated\">\n\t\t\t\t\t\t<div class=\"elementor-element elementor-element-72e15f0 elementor-widget elementor-widget-image\" data-id=\"72e15f0\" data-element_type=\"widget\" data-widget_type=\"image.default\">\n\t\t\t\t<div class=\"elementor-widget-container\">\n\t\t\t\t\t\t\t\t\t\t\t\t\t<img loading=\"lazy\" decoding=\"async\" width=\"800\" height=\"800\" src=\"https:\/\/beaaraujo.com\/wp-content\/uploads\/2022\/03\/202111-BeaAraujoporAlineMacedo-111-1024x1024.jpg\" class=\"attachment-large size-large wp-image-529\" alt=\"\" srcset=\"https:\/\/beaaraujo.com\/wp-content\/uploads\/2022\/03\/202111-BeaAraujoporAlineMacedo-111-1024x1024.jpg 1024w, https:\/\/beaaraujo.com\/wp-content\/uploads\/2022\/03\/202111-BeaAraujoporAlineMacedo-111-300x300.jpg 300w, https:\/\/beaaraujo.com\/wp-content\/uploads\/2022\/03\/202111-BeaAraujoporAlineMacedo-111-150x150.jpg 150w, https:\/\/beaaraujo.com\/wp-content\/uploads\/2022\/03\/202111-BeaAraujoporAlineMacedo-111-768x768.jpg 768w, https:\/\/beaaraujo.com\/wp-content\/uploads\/2022\/03\/202111-BeaAraujoporAlineMacedo-111-1536x1536.jpg 1536w, https:\/\/beaaraujo.com\/wp-content\/uploads\/2022\/03\/202111-BeaAraujoporAlineMacedo-111.jpg 1901w\" sizes=\"(max-width: 800px) 100vw, 800px\" \/>\t\t\t\t\t\t\t\t\t\t\t\t\t<\/div>\n\t\t\t\t<\/div>\n\t\t\t\t<div class=\"elementor-element elementor-element-c09022b elementor-widget elementor-widget-heading\" data-id=\"c09022b\" data-element_type=\"widget\" data-widget_type=\"heading.default\">\n\t\t\t\t<div class=\"elementor-widget-container\">\n\t\t\t<h2 class=\"elementor-heading-title elementor-size-default\">Traveling Wardrobe<\/h2>\t\t<\/div>\n\t\t\t\t<\/div>\n\t\t\t\t<div class=\"elementor-element elementor-element-628925a elementor-widget elementor-widget-text-editor\" data-id=\"628925a\" data-element_type=\"widget\" data-widget_type=\"text-editor.default\">\n\t\t\t\t<div class=\"elementor-widget-container\">\n\t\t\t\t\t\t\t<p>Traveling Closets came from the desire to accumulate less, to have a small wardrobe, which meets a more \u201cnomadic\u201d lifestyle, or simply to combine with the lack of space in European apartments. But just because you have less doesn't mean you have to have no personality! There is no limit to the amount of pieces here, much less a profusion of basic and neutral clothes! This is a more modern and freer version of the capsule wardrobe, designed to offer maximum versatility for the smallest volume.<\/p>\n<p>-Online and In Person-<\/p>\t\t\t\t\t\t<\/div>\n\t\t\t\t<\/div>\n\t\t\t\t\t<\/div>\n\t\t<\/div>\n\t\t\t\t\t<\/div>\n\t\t<\/section>\n\t\t\t\t<\/div>","protected":false},"excerpt":{"rendered":"<p>Guia de Estilo T\u00e1 se sentindo meio &#8220;perdida no personagem&#8221;? N\u00e3o curte na que veste\/tem, mas tamb\u00e9m n\u00e3o consegue decidir direito o que quer da vida\/estilo? Aqui a gente usa a parte investigativa da consultoria de moda para definir os seus desejos de imagem,\u00a0 suas necessidades do dia-a-dia, e a\u00ed poder bolar um Guia para [&hellip;]<\/p>","protected":false},"author":1,"featured_media":50,"parent":0,"menu_order":0,"comment_status":"closed","ping_status":"closed","template":"","meta":{"footnotes":""},"class_list":["post-150","page","type-page","status-publish","has-post-thumbnail","hentry"],"_links":{"self":[{"href":"https:\/\/beaaraujo.com\/en\/wp-json\/wp\/v2\/pages\/150","targetHints":{"allow":["GET"]}}],"collection":[{"href":"https:\/\/beaaraujo.com\/en\/wp-json\/wp\/v2\/pages"}],"about":[{"href":"https:\/\/beaaraujo.com\/en\/wp-json\/wp\/v2\/types\/page"}],"author":[{"embeddable":true,"href":"https:\/\/beaaraujo.com\/en\/wp-json\/wp\/v2\/users\/1"}],"replies":[{"embeddable":true,"href":"https:\/\/beaaraujo.com\/en\/wp-json\/wp\/v2\/comments?post=150"}],"version-history":[{"count":32,"href":"https:\/\/beaaraujo.com\/en\/wp-json\/wp\/v2\/pages\/150\/revisions"}],"predecessor-version":[{"id":679,"href":"https:\/\/beaaraujo.com\/en\/wp-json\/wp\/v2\/pages\/150\/revisions\/679"}],"wp:featuredmedia":[{"embeddable":true,"href":"https:\/\/beaaraujo.com\/en\/wp-json\/wp\/v2\/media\/50"}],"wp:attachment":[{"href":"https:\/\/beaaraujo.com\/en\/wp-json\/wp\/v2\/media?parent=150"}],"curies":[{"name":"wp","href":"https:\/\/api.w.org\/{rel}","templated":true}]}}